{"id":210,"date":"2017-02-08T21:00:15","date_gmt":"2017-02-08T20:00:15","guid":{"rendered":"https:\/\/filmriss-oldenburg.de\/?page_id=210"},"modified":"2017-02-08T21:02:34","modified_gmt":"2017-02-08T20:02:34","slug":"impressum","status":"publish","type":"page","link":"https:\/\/filmriss-oldenburg.de\/?page_id=210","title":{"rendered":"Impressum"},"content":{"rendered":"<p class=\"paragraph_style_1\"><span class=\"style_4\">Pflichtangaben gem. \u00a7 6 Teledienstegesetz (TDG);<\/span><span class=\"style_3\"><br \/>\n<\/span><\/p>\n<p class=\"paragraph_style_1\"><span class=\"style_4\">Name und Sitz:<br \/>\nFilmriss &#8211; Verein f\u00fcr Kino &amp;\u00a0Kultur in Oldenburg e.V.<\/span><span class=\"style_3\"><br \/>\n<\/span><\/p>\n<p class=\"paragraph_style_1\"><span class=\"style_4\">Anschrift:<br \/>\nDragonerstra\u00dfe 5<br \/>\nD-26135 Oldenburg<br \/>\nfon: (0441) 0441\/9266750<br \/>\ne-Mail:\u00a0<\/span><a class=\"style_4\" title=\"mailto:info@filmriss-oldenburg.de\" href=\"mailto:info@filmriss-oldenburg.de\">info@filmriss-oldenburg.de<\/a><span class=\"style_4\"><br \/>\nInternet:\u00a0<\/span><a class=\"style_4\" title=\"https:\/\/filmriss-oldenburg.de\" href=\"https:\/\/filmriss-oldenburg.de\/\">www.filmriss-oldenburg.de<\/a><span class=\"style_3\"><br \/>\n<\/span><\/p>\n<p class=\"paragraph_style_1\"><span class=\"style_4\"><br \/>\nInhaltlich verantwortlich gem\u00e4\u00df \u00a7 10 Absatz 3 MDStV:<\/p>\n<p>Filmriss &#8211; Verein f\u00fcr Kino &amp; Kultur in Oldenburg e.V.<br \/>\nDragonerstra\u00dfe 5<br \/>\n26135 Oldenburg<\/span><span class=\"style_3\"><br \/>\n<\/span><\/p>\n<p class=\"paragraph_style_1\"><span class=\"style_4\"><br \/>\nHaftungshinweis: Trotz sorgf\u00e4ltiger inhaltlicher Kontrolle \u00fcbernehmen wir keine Haftung f\u00fcr die Inhalte externer Links. F\u00fcr den Inhalt der verlinkten Seiten sind ausschlie\u00dflich deren Betreiber verantwortlich.<\/span><\/p>\n","protected":false},"excerpt":{"rendered":"Pflichtangaben gem. \u00a7 6 Teledienstegesetz (TDG); Name und Sitz: Filmriss &#8211; Verein f\u00fcr Kino &amp;\u00a0Kultur in Oldenburg e.V. Anschrift: Dragonerstra\u00dfe 5 D-26135 Oldenburg fon: (0441) 0441\/9266750 e-Mail:\u00a0info@filmriss-oldenburg.de Internet:\u00a0www.filmriss-oldenburg.de Inhaltlich verantwortlich gem\u00e4\u00df \u00a7 10 Absatz 3 MDStV: Filmriss &#8211; Verein f\u00fcr Kino &amp; Kultur in Oldenburg e.V. Dragonerstra\u00dfe 5 26135 Oldenburg Haftungshinweis: Trotz sorgf\u00e4ltiger inhaltlicher Kontrolle &hellip; <p class=\"link-more\"><a href=\"https:\/\/filmriss-oldenburg.de\/?page_id=210\" class=\"more-link\"><span class=\"screen-reader-text\">\u201eImpressum\u201c<\/span> weiterlesen<\/a><\/p>","protected":false},"author":4,"featured_media":0,"parent":0,"menu_order":0,"comment_status":"closed","ping_status":"closed","template":"","meta":{"footnotes":""},"class_list":["post-210","page","type-page","status-publish","hentry"],"_links":{"self":[{"href":"https:\/\/filmriss-oldenburg.de\/index.php?rest_route=\/wp\/v2\/pages\/210","targetHints":{"allow":["GET"]}}],"collection":[{"href":"https:\/\/filmriss-oldenburg.de\/index.php?rest_route=\/wp\/v2\/pages"}],"about":[{"href":"https:\/\/filmriss-oldenburg.de\/index.php?rest_route=\/wp\/v2\/types\/page"}],"author":[{"embeddable":true,"href":"https:\/\/filmriss-oldenburg.de\/index.php?rest_route=\/wp\/v2\/users\/4"}],"replies":[{"embeddable":true,"href":"https:\/\/filmriss-oldenburg.de\/index.php?rest_route=%2Fwp%2Fv2%2Fcomments&post=210"}],"version-history":[{"count":3,"href":"https:\/\/filmriss-oldenburg.de\/index.php?rest_route=\/wp\/v2\/pages\/210\/revisions"}],"predecessor-version":[{"id":435,"href":"https:\/\/filmriss-oldenburg.de\/index.php?rest_route=\/wp\/v2\/pages\/210\/revisions\/435"}],"wp:attachment":[{"href":"https:\/\/filmriss-oldenburg.de\/index.php?rest_route=%2Fwp%2Fv2%2Fmedia&parent=210"}],"curies":[{"name":"wp","href":"https:\/\/api.w.org\/{rel}","templated":true}]}}